{"id":6,"date":"2017-08-25T17:48:08","date_gmt":"2017-08-25T15:48:08","guid":{"rendered":"http:\/\/ludothequerhode.be\/?page_id=6"},"modified":"2026-03-28T20:51:39","modified_gmt":"2026-03-28T19:51:39","slug":"la-ludotheque","status":"publish","type":"page","link":"https:\/\/ludothequerhode.be\/?page_id=6","title":{"rendered":"La Ludoth\u00e8que"},"content":{"rendered":"<p>La Ludoth\u00e8que vous propose plus de 800 jeux pour tous :<\/p>\n<ul>\n<li>jouets et jeux d&rsquo;\u00e9veil<\/li>\n<li>jeux de soci\u00e9t\u00e9 pour petits et grands<\/li>\n<li>jeux anciens et derni\u00e8res nouveaut\u00e9s<\/li>\n<li>supports p\u00e9dagogiques<\/li>\n<li>grands jeux pour animations<\/li>\n<\/ul>\n<p>Pour s&rsquo;amuser, s&rsquo;informer, emprunter, jouer\u2026<\/p>\n<p class=\"x_MsoNormal\"><span lang=\"NL-BE\"><img loading=\"lazy\" decoding=\"async\" class=\"alignnone size-medium wp-image-70\" src=\"http:\/\/ludothequerhode.be\/wp-content\/uploads\/2017\/08\/image001-1-1-300x225.png\" alt=\"\" width=\"300\" height=\"225\" srcset=\"https:\/\/ludothequerhode.be\/wp-content\/uploads\/2017\/08\/image001-1-1-300x225.png 300w, https:\/\/ludothequerhode.be\/wp-content\/uploads\/2017\/08\/image001-1-1-768x576.png 768w, https:\/\/ludothequerhode.be\/wp-content\/uploads\/2017\/08\/image001-1-1-1024x768.png 1024w, https:\/\/ludothequerhode.be\/wp-content\/uploads\/2017\/08\/image001-1-1.png 1224w\" sizes=\"auto, (max-width: 300px) 100vw, 300px\" \/> <img loading=\"lazy\" decoding=\"async\" class=\"alignnone size-medium wp-image-74\" src=\"http:\/\/ludothequerhode.be\/wp-content\/uploads\/2017\/08\/image001-5-1-300x225.png\" alt=\"\" width=\"300\" height=\"225\" srcset=\"https:\/\/ludothequerhode.be\/wp-content\/uploads\/2017\/08\/image001-5-1-300x225.png 300w, https:\/\/ludothequerhode.be\/wp-content\/uploads\/2017\/08\/image001-5-1-768x576.png 768w, https:\/\/ludothequerhode.be\/wp-content\/uploads\/2017\/08\/image001-5-1-1024x768.png 1024w, https:\/\/ludothequerhode.be\/wp-content\/uploads\/2017\/08\/image001-5-1.png 1224w\" sizes=\"auto, (max-width: 300px) 100vw, 300px\" \/><\/span><\/p>\n<p class=\"x_MsoNormal\" style=\"text-align: justify;\">De la naissance \u00e0 plus de 100 ans, le catalogue de jeux disponibles est tr\u00e8s vaste. Cela va du jeu que l&rsquo;on joue tout seul \u00e0 la maison jusqu&rsquo;aux grands jeux en bois qui se jouent lors de f\u00eates ou d\u2019\u00e9v\u00e9nements.<\/p>\n<div style=\"width: 604px;\" class=\"wp-video\"><!--[if lt IE 9]><script>document.createElement('video');<\/script><![endif]-->\n<video class=\"wp-video-shortcode\" id=\"video-6-1\" width=\"604\" height=\"340\" preload=\"metadata\" controls=\"controls\"><source type=\"video\/mp4\" src=\"http:\/\/ludothequerhode.be\/wp-content\/uploads\/2026\/03\/D1031-Pedale-a-4-sky-en-2022.mp4?_=1\" \/><a href=\"http:\/\/ludothequerhode.be\/wp-content\/uploads\/2026\/03\/D1031-Pedale-a-4-sky-en-2022.mp4\">http:\/\/ludothequerhode.be\/wp-content\/uploads\/2026\/03\/D1031-Pedale-a-4-sky-en-2022.mp4<\/a><\/video><\/div>\n<p class=\"x_MsoNormal\"><span lang=\"NL-BE\"><img loading=\"lazy\" decoding=\"async\" class=\"alignnone size-medium wp-image-44\" src=\"http:\/\/ludothequerhode.be\/wp-content\/uploads\/2017\/08\/image001-20-300x280.png\" alt=\"\" width=\"300\" height=\"280\" srcset=\"https:\/\/ludothequerhode.be\/wp-content\/uploads\/2017\/08\/image001-20-300x280.png 300w, https:\/\/ludothequerhode.be\/wp-content\/uploads\/2017\/08\/image001-20-768x718.png 768w, https:\/\/ludothequerhode.be\/wp-content\/uploads\/2017\/08\/image001-20-1024x957.png 1024w, https:\/\/ludothequerhode.be\/wp-content\/uploads\/2017\/08\/image001-20.png 1965w\" sizes=\"auto, (max-width: 300px) 100vw, 300px\" \/> <img loading=\"lazy\" decoding=\"async\" class=\"alignnone size-medium wp-image-43\" src=\"http:\/\/ludothequerhode.be\/wp-content\/uploads\/2017\/08\/image001-19-300x240.png\" alt=\"\" width=\"300\" height=\"240\" srcset=\"https:\/\/ludothequerhode.be\/wp-content\/uploads\/2017\/08\/image001-19-300x240.png 300w, https:\/\/ludothequerhode.be\/wp-content\/uploads\/2017\/08\/image001-19-768x614.png 768w, https:\/\/ludothequerhode.be\/wp-content\/uploads\/2017\/08\/image001-19-1024x818.png 1024w, https:\/\/ludothequerhode.be\/wp-content\/uploads\/2017\/08\/image001-19.png 1468w\" sizes=\"auto, (max-width: 300px) 100vw, 300px\" \/> <\/span><\/p>\n<p style=\"text-align: justify;\">Une belle formule pour tester les jeux, d\u00e9couvrir des nouveaut\u00e9s, ne pas encombrer vos\u00a0maisons de jouets inutilis\u00e9s&#8230;Visiter la ludoth\u00e8que, c&rsquo;est aussi un vrai moment de plaisir \u00e0 partager avec vos enfants et petits-enfants.<\/p>\n<p class=\"x_MsoNormal\"><span lang=\"NL-BE\"><img loading=\"lazy\" decoding=\"async\" class=\"alignnone size-medium wp-image-42\" src=\"http:\/\/ludothequerhode.be\/wp-content\/uploads\/2017\/08\/image001-18-298x300.png\" alt=\"\" width=\"298\" height=\"300\" srcset=\"https:\/\/ludothequerhode.be\/wp-content\/uploads\/2017\/08\/image001-18-298x300.png 298w, https:\/\/ludothequerhode.be\/wp-content\/uploads\/2017\/08\/image001-18-150x150.png 150w, https:\/\/ludothequerhode.be\/wp-content\/uploads\/2017\/08\/image001-18-768x773.png 768w, https:\/\/ludothequerhode.be\/wp-content\/uploads\/2017\/08\/image001-18-1017x1024.png 1017w, https:\/\/ludothequerhode.be\/wp-content\/uploads\/2017\/08\/image001-18.png 1686w\" sizes=\"auto, (max-width: 298px) 100vw, 298px\" \/> <img loading=\"lazy\" decoding=\"async\" class=\"alignnone size-medium wp-image-36\" src=\"http:\/\/ludothequerhode.be\/wp-content\/uploads\/2017\/08\/image001-12-300x251.png\" alt=\"\" width=\"300\" height=\"251\" srcset=\"https:\/\/ludothequerhode.be\/wp-content\/uploads\/2017\/08\/image001-12-300x251.png 300w, https:\/\/ludothequerhode.be\/wp-content\/uploads\/2017\/08\/image001-12-768x642.png 768w, https:\/\/ludothequerhode.be\/wp-content\/uploads\/2017\/08\/image001-12-1024x856.png 1024w, https:\/\/ludothequerhode.be\/wp-content\/uploads\/2017\/08\/image001-12.png 1969w\" sizes=\"auto, (max-width: 300px) 100vw, 300px\" \/> <\/span><\/p>\n<p class=\"x_MsoNormal\" style=\"text-align: justify;\"><span lang=\"NL-BE\">Pour princesses et petits diables, pour jouer seul ou en groupe, vous avez le choix parmi plus de 600 jeux.<\/span><\/p>\n<p class=\"x_MsoNormal\"><span lang=\"NL-BE\"><img loading=\"lazy\" decoding=\"async\" class=\"alignnone size-medium wp-image-33\" src=\"http:\/\/ludothequerhode.be\/wp-content\/uploads\/2017\/08\/image001-9-300x295.png\" alt=\"\" width=\"300\" height=\"295\" srcset=\"https:\/\/ludothequerhode.be\/wp-content\/uploads\/2017\/08\/image001-9-300x295.png 300w, https:\/\/ludothequerhode.be\/wp-content\/uploads\/2017\/08\/image001-9-768x756.png 768w, https:\/\/ludothequerhode.be\/wp-content\/uploads\/2017\/08\/image001-9-1024x1008.png 1024w, https:\/\/ludothequerhode.be\/wp-content\/uploads\/2017\/08\/image001-9.png 1753w\" sizes=\"auto, (max-width: 300px) 100vw, 300px\" \/> <img loading=\"lazy\" decoding=\"async\" class=\"alignnone size-medium wp-image-34\" src=\"http:\/\/ludothequerhode.be\/wp-content\/uploads\/2017\/08\/image001-10-267x300.png\" alt=\"\" width=\"267\" height=\"300\" srcset=\"https:\/\/ludothequerhode.be\/wp-content\/uploads\/2017\/08\/image001-10-267x300.png 267w, https:\/\/ludothequerhode.be\/wp-content\/uploads\/2017\/08\/image001-10-768x864.png 768w, https:\/\/ludothequerhode.be\/wp-content\/uploads\/2017\/08\/image001-10-910x1024.png 910w, https:\/\/ludothequerhode.be\/wp-content\/uploads\/2017\/08\/image001-10.png 1606w\" sizes=\"auto, (max-width: 267px) 100vw, 267px\" \/> <\/span><\/p>\n<p class=\"x_MsoNormal\" style=\"text-align: justify;\"><span lang=\"NL-BE\">De nouveaux jeux sont disponibles, des malles pour l\u2019anniversaire des petits, <\/span><span lang=\"NL-BE\">des jeux g\u00e9ants pour les f\u00eates de famille, \u2026<\/span><\/p>\n<p class=\"x_MsoNormal\"><span lang=\"NL-BE\"><img loading=\"lazy\" decoding=\"async\" class=\"size-medium wp-image-35 aligncenter\" src=\"http:\/\/ludothequerhode.be\/wp-content\/uploads\/2017\/08\/image001-11-280x300.png\" alt=\"\" width=\"280\" height=\"300\" srcset=\"https:\/\/ludothequerhode.be\/wp-content\/uploads\/2017\/08\/image001-11-280x300.png 280w, https:\/\/ludothequerhode.be\/wp-content\/uploads\/2017\/08\/image001-11-768x822.png 768w, https:\/\/ludothequerhode.be\/wp-content\/uploads\/2017\/08\/image001-11-957x1024.png 957w, https:\/\/ludothequerhode.be\/wp-content\/uploads\/2017\/08\/image001-11.png 1564w\" sizes=\"auto, (max-width: 280px) 100vw, 280px\" \/><\/span><\/p>\n<p style=\"text-align: justify;\"><a href=\"http:\/\/ludothequerhode.be\/wp-content\/uploads\/2020\/04\/D1029-Villa-Paletti-01.jpg\"><img loading=\"lazy\" decoding=\"async\" class=\"size-full wp-image-1272 alignleft\" src=\"http:\/\/ludothequerhode.be\/wp-content\/uploads\/2020\/04\/D1029-Villa-Paletti-01.jpg\" alt=\"\" width=\"250\" height=\"244\" \/><\/a>Difficile de r\u00e9sister au plaisir de s&rsquo;amuser avec un univers de jeux innovants, po\u00e9tiques et magiques !<\/p>\n<p style=\"text-align: justify;\">Fini les d\u00eeners de famille monotones, interminables, sortez un nouveau jeu de soci\u00e9t\u00e9 ! D\u00e9couvrez nos derni\u00e8res nouveaut\u00e9s adapt\u00e9es \u00e0 tous type de joueurs.<\/p>\n<p style=\"text-align: justify;\">Vous pouvez aussi d\u00e9couvrir nos jeux en bois, en consultant nos catalogues, peut-\u00eatre ne les connaissez-vous pas encore ?<\/p>\n<p class=\"x_MsoNormal\"><span lang=\"NL-BE\"><span style=\"display: inline !important; float: none; background-color: #ffffff; color: #141412; cursor: text; font-family: 'Source Sans Pro',Helvetica,sans-serif; font-size: 16px; font-style: normal; font-variant: normal; font-weight: 400; letter-spacing: normal; line-height: inherit; orphans: 2; text-align: left; text-decoration: none; text-indent: 0px; text-transform: none; -webkit-text-stroke-width: 0px; white-space: normal; word-spacing: 0px;\">Nos derni\u00e8res nouveaut\u00e9s, pour les petits et les grands &#8230;\u00a0<\/span><img loading=\"lazy\" decoding=\"async\" class=\"alignnone wp-image-188 size-full\" src=\"http:\/\/ludothequerhode.be\/wp-content\/uploads\/2017\/08\/Smiley-01.png\" alt=\"\" width=\"81\" height=\"86\" \/><\/span><\/p>\n<p><a href=\"http:\/\/ludothequerhode.be\/wp-content\/uploads\/2023\/06\/D1189-Haute-tour-Wooden-Tower-04.jpg\"><img loading=\"lazy\" decoding=\"async\" class=\"size-full wp-image-1311 alignnone\" src=\"http:\/\/ludothequerhode.be\/wp-content\/uploads\/2023\/06\/D1189-Haute-tour-Wooden-Tower-04.jpg\" alt=\"\" width=\"171\" height=\"250\" \/><\/a> <a href=\"http:\/\/ludothequerhode.be\/wp-content\/uploads\/2023\/06\/D1392-Wonder-zoo-01.jpg\"><img loading=\"lazy\" decoding=\"async\" class=\"size-full wp-image-1316 alignnone\" src=\"http:\/\/ludothequerhode.be\/wp-content\/uploads\/2023\/06\/D1392-Wonder-zoo-01.jpg\" alt=\"\" width=\"250\" height=\"243\" \/><\/a> <a href=\"http:\/\/ludothequerhode.be\/wp-content\/uploads\/2023\/06\/D1394-Le-tombeau-maudit.jpg\"><img loading=\"lazy\" decoding=\"async\" class=\"size-full wp-image-1305 alignnone\" src=\"http:\/\/ludothequerhode.be\/wp-content\/uploads\/2023\/06\/D1394-Le-tombeau-maudit.jpg\" alt=\"\" width=\"169\" height=\"250\" \/><\/a><\/p>\n<p><a href=\"http:\/\/ludothequerhode.be\/wp-content\/uploads\/2023\/06\/F1272-Guaca-Mole-01.jpg\"><img loading=\"lazy\" decoding=\"async\" class=\"size-full wp-image-1296 alignnone\" src=\"http:\/\/ludothequerhode.be\/wp-content\/uploads\/2023\/06\/F1272-Guaca-Mole-01.jpg\" alt=\"\" width=\"250\" height=\"242\" \/><\/a> <a href=\"http:\/\/ludothequerhode.be\/wp-content\/uploads\/2023\/06\/D1382-Mito.jpg\"><img loading=\"lazy\" decoding=\"async\" class=\"size-full wp-image-1301 alignnone\" src=\"http:\/\/ludothequerhode.be\/wp-content\/uploads\/2023\/06\/D1382-Mito.jpg\" alt=\"\" width=\"226\" height=\"250\" \/><\/a> <a href=\"http:\/\/ludothequerhode.be\/wp-content\/uploads\/2023\/04\/D1315-Color-smash-01.jpg\"><img loading=\"lazy\" decoding=\"async\" class=\"aligncenter size-medium wp-image-1277\" src=\"http:\/\/ludothequerhode.be\/wp-content\/uploads\/2023\/04\/D1315-Color-smash-01-300x251.jpg\" alt=\"\" width=\"300\" height=\"251\" srcset=\"https:\/\/ludothequerhode.be\/wp-content\/uploads\/2023\/04\/D1315-Color-smash-01-300x251.jpg 300w, https:\/\/ludothequerhode.be\/wp-content\/uploads\/2023\/04\/D1315-Color-smash-01-768x642.jpg 768w, https:\/\/ludothequerhode.be\/wp-content\/uploads\/2023\/04\/D1315-Color-smash-01-1024x856.jpg 1024w\" sizes=\"auto, (max-width: 300px) 100vw, 300px\" \/><\/a><\/p>\n<figure id=\"attachment_882\" aria-describedby=\"caption-attachment-882\" style=\"width: 300px\" class=\"wp-caption alignright\"><a href=\"http:\/\/ludothequerhode.be\/wp-content\/uploads\/2021\/04\/2021_04_New_games.jpg\" target=\"_blank\" rel=\"noopener\"><img loading=\"lazy\" decoding=\"async\" class=\"size-medium wp-image-882\" src=\"http:\/\/ludothequerhode.be\/wp-content\/uploads\/2021\/04\/2021_04_New_games-300x238.jpg\" alt=\"\" width=\"300\" height=\"238\" srcset=\"https:\/\/ludothequerhode.be\/wp-content\/uploads\/2021\/04\/2021_04_New_games-300x238.jpg 300w, https:\/\/ludothequerhode.be\/wp-content\/uploads\/2021\/04\/2021_04_New_games.jpg 600w\" sizes=\"auto, (max-width: 300px) 100vw, 300px\" \/><\/a><figcaption id=\"caption-attachment-882\" class=\"wp-caption-text\">Et quelques jeux d&rsquo;avril 2021\u00a0 !<\/figcaption><\/figure>\n<p>&nbsp;<\/p>\n<p>&nbsp;<\/p>\n<p>&nbsp;<\/p>\n<p>&nbsp;<\/p>\n<p>&nbsp;<\/p>\n<p>&nbsp;<\/p>\n<p>&nbsp;<\/p>\n<hr \/>\n<h3 style=\"text-align: center;\"><b><i>Le jeu \u00a0 \u00a0 <a href=\"http:\/\/ludothequerhode.be\/wp-content\/uploads\/2020\/03\/D429-Kapla-plaque.jpg.png\"><img loading=\"lazy\" decoding=\"async\" class=\"alignnone wp-image-233 size-full\" src=\"http:\/\/ludothequerhode.be\/wp-content\/uploads\/2020\/03\/D429-Kapla-plaque.jpg.png\" alt=\"\" width=\"250\" height=\"88\" \/><\/a> \u00a0 <\/i><\/b><\/h3>\n<p style=\"text-align: justify;\"><b><i>KAPLA<\/i><\/b> vient de la contraction des mots n\u00e9erlandais \u00ab KAbouter PLAnkjes \u00bb qui signifient\u00a0 \u00ab\u00a0planchettes de lutin\u00a0\u00bb (invent\u00e9 en 1986).<\/p>\n<p style=\"text-align: justify;\">C&rsquo;est un jeu de construction compos\u00e9 uniquement de planchettes en pin des Landes de m\u00eames dimensions, appr\u00e9ci\u00e9 des enfants (d\u00e8s 3 ans) comme\u2026 des adultes !<\/p>\n<div>\n<div style=\"text-align: justify;\">Ce jeu encourage la logique, d\u00e9veloppe la cr\u00e9ativit\u00e9, et stimule la concentration, la patience ainsi que la pers\u00e9v\u00e9rance.<br \/>\nLe principe est simple : il suffit d\u2019empiler les planchettes les unes sur les autres, sans point de fixation puis de laisser jouer son imagination !<\/p>\n<div><\/div>\n<div>\n<p style=\"text-align: center;\"><span style=\"color: #808000;\">En appuyant<\/span> <a href=\"http:\/\/ludothequerhode.be\/wp-content\/uploads\/2020\/03\/D429_Mod\u00e8les_Kapla_A_telecharger.pdf\" target=\"_blank\" rel=\"noopener\"><span style=\"color: #ff0000;\"><strong>ICI<\/strong><\/span><\/a> <span style=\"color: #808000;\">vous pouvez t\u00e9l\u00e9charger quelques mod\u00e8les \u00e0 r\u00e9aliser\u00a0 \u2026<\/span><\/p>\n<div><span style=\"color: #808000;\">\u00a0<\/span><\/div>\n<div style=\"text-align: justify;\"><strong><em><u>Le secret du jeu KAPLA<\/u><\/em><\/strong><em><strong>\u00a0:<a href=\"http:\/\/ludothequerhode.be\/wp-content\/uploads\/2020\/03\/D429_Kapla.jpg\"><img loading=\"lazy\" decoding=\"async\" class=\"size-full wp-image-234 alignright\" src=\"http:\/\/ludothequerhode.be\/wp-content\/uploads\/2020\/03\/D429_Kapla.jpg\" alt=\"\" width=\"250\" height=\"164\" \/><\/a><\/strong><\/em><br \/>\nBien s\u00fbr, r\u00e9aliser une super construction en n&rsquo;utilisant que de simples petites planchettes en bois est tr\u00e8s excitant mais, la v\u00e9ritable raison de l&rsquo;engouement autour du <em>KAPLA<\/em> est d\u00fb \u00e0 certains professionnels de l&rsquo;enfance, de professeur.e.s qui ont vu en cet outil un compagnon id\u00e9al pour valoriser leur p\u00e9dagogie de par les valeurs transmises par les \u00ab\u00a0<em>KAPLA&rsquo;s\u00a0\u00bb<\/em> : patience, travail collectif, respect des r\u00e8gles, imagination &#8230;<\/div>\n<div style=\"text-align: justify;\">Si bien qu&rsquo;il existe maintenant dans le monde des centres sp\u00e9cialis\u00e9s dans l&rsquo;animation <em><strong>KAPLA<\/strong><\/em>, par exemple le Centre Kapla de Bruxelles <a href=\"http:\/\/www.kaplacentrebxl.com\" target=\"_blank\" rel=\"noopener\">www.kaplacentrebxl.com<\/a><b><i><br \/>\n<\/i><\/b><\/div>\n<\/div>\n<\/div>\n<\/div>\n<div><\/div>\n<div>..<\/div>\n<hr \/>\n<h2><span style=\"color: #800080;\"><em>Tualoop<\/em><\/span><\/h2>\n<p><a href=\"http:\/\/ludothequerhode.be\/wp-content\/uploads\/2017\/08\/1179-Tualoop-05.jpg\"><img loading=\"lazy\" decoding=\"async\" class=\"size-medium wp-image-910 alignleft\" src=\"http:\/\/ludothequerhode.be\/wp-content\/uploads\/2017\/08\/1179-Tualoop-05-300x300.jpg\" alt=\"\" width=\"300\" height=\"300\" srcset=\"https:\/\/ludothequerhode.be\/wp-content\/uploads\/2017\/08\/1179-Tualoop-05-300x300.jpg 300w, https:\/\/ludothequerhode.be\/wp-content\/uploads\/2017\/08\/1179-Tualoop-05-150x150.jpg 150w, https:\/\/ludothequerhode.be\/wp-content\/uploads\/2017\/08\/1179-Tualoop-05.jpg 600w\" sizes=\"auto, (max-width: 300px) 100vw, 300px\" \/><\/a><\/p>\n<div>\n<div style=\"text-align: justify;\">\n<p><span style=\"color: #993300;\"><strong>Jeu d\u2019adresse en plein air !\u00a0Dans le jardin, au parc, dans la cours de r\u00e9cr\u00e9, \u00e0 la plage ou sur un terrain de sport \u2026<\/strong><\/span><\/p>\n<p><em><strong>Tualoop<\/strong> <\/em>est un jeu de lancer et d\u2019adresse qui s\u2019adresse \u00e0 toute la famille<br \/>\nPassez les anneaux aux autres joueurs en utilisant vos deux baguettes en bois et d\u00e9veloppez vos propres techniques de lancer.<br \/>\nJeu pour les grands et les petits<br \/>\nFavorise la coordination \u0153il\/main et l\u2019agilit\u00e9<br \/>\nOn peut inventer ses propres r\u00e8gles et techniques de lancer !<\/p>\n<p><strong>Contenu :<\/strong><br \/>\nLe jeu contient 4 baguettes de lancer, 1 anneau et 8 b\u00fbchettes de marquage faciles \u00e0 enfoncer dans la terre. Utilisez celles-ci comme cibles \u00e0 atteindre depuis diff\u00e9rentes distances. Il vous faudra alors utiliser des techniques de lancer vari\u00e9es selon l\u2019\u00e9loignement.<\/p>\n<p><strong>Guide et r\u00e8gle du jeu<\/strong> appuyer <a href=\"http:\/\/ludothequerhode.be\/wp-content\/uploads\/2021\/05\/Regle%20de%20jeu%201179%20Tualoop.pdf\" target=\"_blank\" rel=\"noopener\"><span style=\"color: #3366ff;\"><strong>ici<\/strong><\/span><\/a><\/p>\n<hr \/>\n<h2><span style=\"color: #993366;\"><em><strong>Malle d&rsquo;anniversaire<\/strong><\/em><\/span><\/h2>\n<figure id=\"attachment_914\" aria-describedby=\"caption-attachment-914\" style=\"width: 300px\" class=\"wp-caption aligncenter\"><a href=\"http:\/\/ludothequerhode.be\/wp-content\/uploads\/2017\/08\/D610-D810-malles-anniversaire-3.jpg\" target=\"_blank\" rel=\"noopener\"><img loading=\"lazy\" decoding=\"async\" class=\"size-medium wp-image-914\" src=\"http:\/\/ludothequerhode.be\/wp-content\/uploads\/2017\/08\/D610-D810-malles-anniversaire-3-300x208.jpg\" alt=\"\" width=\"300\" height=\"208\" srcset=\"https:\/\/ludothequerhode.be\/wp-content\/uploads\/2017\/08\/D610-D810-malles-anniversaire-3-300x208.jpg 300w, https:\/\/ludothequerhode.be\/wp-content\/uploads\/2017\/08\/D610-D810-malles-anniversaire-3-768x531.jpg 768w, https:\/\/ludothequerhode.be\/wp-content\/uploads\/2017\/08\/D610-D810-malles-anniversaire-3-1024x708.jpg 1024w, https:\/\/ludothequerhode.be\/wp-content\/uploads\/2017\/08\/D610-D810-malles-anniversaire-3.jpg 1823w\" sizes=\"auto, (max-width: 300px) 100vw, 300px\" \/><\/a><figcaption id=\"caption-attachment-914\" class=\"wp-caption-text\">D610 &amp; D810 malles d&rsquo;anniversaire<\/figcaption><\/figure>\n<p style=\"text-align: justify;\">Nos malles contiennent une s\u00e9lection de jeux pour animer une f\u00eate d&rsquo;anniversaire comme : la course en sacs, des seaux, des foulards et d&rsquo;autres jeux d&rsquo;adresse ET pour les enfants <em><span style=\"color: #ff00ff;\"><strong>\u00e0 partir de 3 ans<\/strong><\/span><\/em>. !<br \/>\nUn exemplaire de contenu avec quelques pr\u00e9sentations d&rsquo;id\u00e9es de jeux est \u00e0 visualiser ==&gt;\u00a0\u00a0<a href=\"http:\/\/ludothequerhode.be\/wp-content\/uploads\/2021\/05\/La_malle_d_anniversaire_web.pdf\" target=\"_blank\" rel=\"noopener\"><img loading=\"lazy\" decoding=\"async\" class=\"aligncenter size-medium wp-image-913\" src=\"http:\/\/ludothequerhode.be\/wp-content\/uploads\/2017\/08\/La_malle_d_anniversaire-300x72.jpg\" alt=\"\" width=\"300\" height=\"72\" srcset=\"https:\/\/ludothequerhode.be\/wp-content\/uploads\/2017\/08\/La_malle_d_anniversaire-300x72.jpg 300w, https:\/\/ludothequerhode.be\/wp-content\/uploads\/2017\/08\/La_malle_d_anniversaire.jpg 311w\" sizes=\"auto, (max-width: 300px) 100vw, 300px\" \/><\/a><em><strong><span style=\"color: #993300;\">De pr\u00e9f\u00e9rence sur r\u00e9servation, la malle est empruntable pour 5\u20ac et ce pour 1 semaine.<\/span><\/strong><\/em><\/p>\n<hr \/>\n<p class=\"x_MsoNormal\" style=\"text-align: center;\"><em><strong><span lang=\"NL-BE\">N\u2019h\u00e9sitez pas \u00e0 nous faire part de vos souhaits.<\/span><\/strong><\/em><\/p>\n<\/div>\n<\/div>\n<div id=\"ConnectiveDocSignExtentionInstalled\" data-extension-version=\"1.0.4\"><\/div>\n","protected":false},"excerpt":{"rendered":"<p>La Ludoth\u00e8que vous propose plus de 800 jeux pour tous : jouets et jeux d&rsquo;\u00e9veil jeux de soci\u00e9t\u00e9 pour petits et grands jeux anciens et derni\u00e8res nouveaut\u00e9s supports p\u00e9dagogiques grands jeux pour animations Pour s&rsquo;amuser, s&rsquo;informer, emprunter, jouer\u2026 De la naissance \u00e0 plus de 100 ans, le catalogue de jeux disponibles est tr\u00e8s vaste. Cela &hellip; <a href=\"https:\/\/ludothequerhode.be\/?page_id=6\" class=\"more-link\">Continuer la lecture de <span class=\"screen-reader-text\">La Ludoth\u00e8que<\/span> <span class=\"meta-nav\">&rarr;<\/span><\/a><\/p>\n","protected":false},"author":1,"featured_media":0,"parent":0,"menu_order":0,"comment_status":"closed","ping_status":"closed","template":"","meta":{"footnotes":""},"class_list":["post-6","page","type-page","status-publish","hentry"],"_links":{"self":[{"href":"https:\/\/ludothequerhode.be\/index.php?rest_route=\/wp\/v2\/pages\/6","targetHints":{"allow":["GET"]}}],"collection":[{"href":"https:\/\/ludothequerhode.be\/index.php?rest_route=\/wp\/v2\/pages"}],"about":[{"href":"https:\/\/ludothequerhode.be\/index.php?rest_route=\/wp\/v2\/types\/page"}],"author":[{"embeddable":true,"href":"https:\/\/ludothequerhode.be\/index.php?rest_route=\/wp\/v2\/users\/1"}],"replies":[{"embeddable":true,"href":"https:\/\/ludothequerhode.be\/index.php?rest_route=%2Fwp%2Fv2%2Fcomments&post=6"}],"version-history":[{"count":34,"href":"https:\/\/ludothequerhode.be\/index.php?rest_route=\/wp\/v2\/pages\/6\/revisions"}],"predecessor-version":[{"id":1681,"href":"https:\/\/ludothequerhode.be\/index.php?rest_route=\/wp\/v2\/pages\/6\/revisions\/1681"}],"wp:attachment":[{"href":"https:\/\/ludothequerhode.be\/index.php?rest_route=%2Fwp%2Fv2%2Fmedia&parent=6"}],"curies":[{"name":"wp","href":"https:\/\/api.w.org\/{rel}","templated":true}]}}