{"id":53,"date":"2017-08-25T18:09:04","date_gmt":"2017-08-25T16:09:04","guid":{"rendered":"http:\/\/ludothequerhode.be\/?page_id=53"},"modified":"2025-06-06T09:30:21","modified_gmt":"2025-06-06T07:30:21","slug":"bienvenue","status":"publish","type":"page","link":"https:\/\/ludothequerhode.be\/","title":{"rendered":"Bienvenue"},"content":{"rendered":"<p style=\"text-align: center;\"><strong>Bienvenue sur le site internet de la BD-Ludoth\u00e8que de Rhode.<\/strong><\/p>\n<p><a href=\"http:\/\/ludothequerhode.be\/wp-content\/uploads\/2024\/11\/Logo-ludo-2019.jpg\"><img loading=\"lazy\" decoding=\"async\" class=\"aligncenter size-full wp-image-1451\" src=\"http:\/\/ludothequerhode.be\/wp-content\/uploads\/2024\/11\/Logo-ludo-2019.jpg\" alt=\"\" width=\"262\" height=\"274\" \/><\/a><a href=\"http:\/\/ludothequerhode.be\/wp-content\/uploads\/2025\/06\/Sauver_la_ludotheque.pdf\" target=\"_blank\" rel=\"noopener\"><img loading=\"lazy\" decoding=\"async\" class=\"aligncenter wp-image-1529 size-large\" src=\"http:\/\/ludothequerhode.be\/wp-content\/uploads\/2025\/06\/Sauver_la_ludotheque-724x1024.png\" alt=\"\" width=\"604\" height=\"854\" srcset=\"https:\/\/ludothequerhode.be\/wp-content\/uploads\/2025\/06\/Sauver_la_ludotheque-724x1024.png 724w, https:\/\/ludothequerhode.be\/wp-content\/uploads\/2025\/06\/Sauver_la_ludotheque-212x300.png 212w, https:\/\/ludothequerhode.be\/wp-content\/uploads\/2025\/06\/Sauver_la_ludotheque-768x1086.png 768w, https:\/\/ludothequerhode.be\/wp-content\/uploads\/2025\/06\/Sauver_la_ludotheque.png 794w\" sizes=\"auto, (max-width: 604px) 100vw, 604px\" \/><\/a><\/p>\n<p style=\"text-align: justify;\">Alors que beaucoup de parents font des efforts pour offrir les meilleurs jouets, bandes dessin\u00e9es et autres gadgets inimaginables offerts sur le march\u00e9, il existe pourtant une philosophie qui va compl\u00e8tement \u00e0 contre-courant.<\/p>\n<p style=\"text-align: justify;\">Il faut le savoir : \u00ab<span style=\"color: #ff6600;\"><em> 7 jouets sur 10 ne sont plus utilis\u00e9s 8 mois apr\u00e8s leur achat et 40 millions de jouets sont jet\u00e9s chaque ann\u00e9e<\/em><\/span> \u00bb. Quel g\u00e2chis ! Autant dire que les fabricants de jouets ne sont pas pr\u00e8s de mettre les cl\u00e9s sous la porte !<\/p>\n<p style=\"text-align: justify;\">Alors pour rem\u00e9dier \u00e0 cette \u00ab <em>invasion des jouets \u00e0 la maison<\/em> \u00bb et des bd&rsquo;s oubli\u00e9s dans des caisses ou au mieux rang\u00e9es dans des armoires du grenier, de plus en plus de familles choisissent de les partager et de les louer \u00e0 travers la bd-ludoth\u00e8que.<\/p>\n<p>Ce site vous permettra d&rsquo;avoir un avant-go\u00fbt du panel de jeux et de bandes dessin\u00e9es que nous louons.<\/p>\n<p>N&rsquo;h\u00e9sitez pas \u00e0 venir y jeter un coup d\u2019\u0153il. Nous sommes ouverts tous les samedis de 10h \u00e0 12h30 et aussi sur rendez-vous <strong>(<\/strong><em>Num\u00e9ro de contact\u00a0<strong> <a href=\"http:\/\/ludothequerhode.be\/?page_id=12\">ici<\/a><\/strong><\/em><strong>)<\/strong>.<\/p>\n<p>L&rsquo;\u00e9quipe de b\u00e9n\u00e9voles vous y attend : Brigitte, Andr\u00e9, Martine, Christian, Hamadi et les autres \u2026<\/p>\n<p style=\"text-align: justify;\">N&rsquo;oubliez, surtout pas, de consulter notre page Facebook pour les derni\u00e8res nouveaut\u00e9s de Bandes Dessin\u00e9es et de jeux qui seront mis \u00e0 votre disposition.\u00a0 Bon amusement et bonne d\u00e9couverte \u2026 \u00a0\u00a0<a href=\"https:\/\/www.facebook.com\/Ludoth\u00e8que-de-la-gare-380883032249621\/\" target=\"_blank\" rel=\"noopener\"><img loading=\"lazy\" decoding=\"async\" class=\"alignnone size-full wp-image-128\" src=\"http:\/\/ludothequerhode.be\/wp-content\/uploads\/2017\/08\/Facebook-e1552318789735.jpg\" alt=\"\" width=\"29\" height=\"26\" \/><\/a><\/p>\n<p><span style=\"display: inline !important; float: none; background-color: #ffffff; color: #141412; font-family: 'Source Sans Pro',Helvetica,sans-serif; font-size: 16px; font-style: normal; font-variant: normal; font-weight: 400; letter-spacing: normal; orphans: 2; text-align: left; text-decoration: none; text-indent: 0px; text-transform: none; -webkit-text-stroke-width: 0px; white-space: normal; word-spacing: 0px;\">Des listes non-exhaustives de jeux peuvent \u00eatre consult\u00e9es<\/span> dans les catalogues disponibles sous l&rsquo;onglet \u00ab\u00a0<em><a href=\"http:\/\/ludothequerhode.be\/?page_id=119\"><strong>Catalogues<\/strong>\u00ab\u00a0.<\/a><\/em><\/p>\n<p class=\"x_MsoNormal\" style=\"text-align: center;\">\u00a0\ud83d\udc68\u200d\ud83d\udc68\u200d\ud83d\udc66\u200d\ud83d\udc66\ud83d\udc68\ud83c\udfff\u200d\ud83e\udd1d\u200d\ud83d\udc68\ud83c\udffc\ud83d\udc69\u200d\ud83d\udc69\u200d\ud83d\udc67\u200d\ud83d\udc67<a href=\"http:\/\/ludothequerhode.be\/wp-content\/uploads\/2017\/08\/logo.png\"><img loading=\"lazy\" decoding=\"async\" class=\"aligncenter size-medium wp-image-100\" src=\"http:\/\/ludothequerhode.be\/wp-content\/uploads\/2017\/08\/logo-300x225.png\" alt=\"\" width=\"300\" height=\"225\" srcset=\"https:\/\/ludothequerhode.be\/wp-content\/uploads\/2017\/08\/logo-300x225.png 300w, https:\/\/ludothequerhode.be\/wp-content\/uploads\/2017\/08\/logo.png 506w\" sizes=\"auto, (max-width: 300px) 100vw, 300px\" \/><\/a><\/p>\n<div id=\"ConnectiveDocSignExtentionInstalled\" data-extension-version=\"1.0.4\"><\/div>\n","protected":false},"excerpt":{"rendered":"<p>Bienvenue sur le site internet de la BD-Ludoth\u00e8que de Rhode. Alors que beaucoup de parents font des efforts pour offrir les meilleurs jouets, bandes dessin\u00e9es et autres gadgets inimaginables offerts sur le march\u00e9, il existe pourtant une philosophie qui va compl\u00e8tement \u00e0 contre-courant. Il faut le savoir : \u00ab 7 jouets sur 10 ne sont &hellip; <a href=\"https:\/\/ludothequerhode.be\/\" class=\"more-link\">Continuer la lecture de <span class=\"screen-reader-text\">Bienvenue<\/span> <span class=\"meta-nav\">&rarr;<\/span><\/a><\/p>\n","protected":false},"author":1,"featured_media":0,"parent":0,"menu_order":0,"comment_status":"closed","ping_status":"closed","template":"","meta":{"footnotes":""},"class_list":["post-53","page","type-page","status-publish","hentry"],"_links":{"self":[{"href":"https:\/\/ludothequerhode.be\/index.php?rest_route=\/wp\/v2\/pages\/53","targetHints":{"allow":["GET"]}}],"collection":[{"href":"https:\/\/ludothequerhode.be\/index.php?rest_route=\/wp\/v2\/pages"}],"about":[{"href":"https:\/\/ludothequerhode.be\/index.php?rest_route=\/wp\/v2\/types\/page"}],"author":[{"embeddable":true,"href":"https:\/\/ludothequerhode.be\/index.php?rest_route=\/wp\/v2\/users\/1"}],"replies":[{"embeddable":true,"href":"https:\/\/ludothequerhode.be\/index.php?rest_route=%2Fwp%2Fv2%2Fcomments&post=53"}],"version-history":[{"count":33,"href":"https:\/\/ludothequerhode.be\/index.php?rest_route=\/wp\/v2\/pages\/53\/revisions"}],"predecessor-version":[{"id":1531,"href":"https:\/\/ludothequerhode.be\/index.php?rest_route=\/wp\/v2\/pages\/53\/revisions\/1531"}],"wp:attachment":[{"href":"https:\/\/ludothequerhode.be\/index.php?rest_route=%2Fwp%2Fv2%2Fmedia&parent=53"}],"curies":[{"name":"wp","href":"https:\/\/api.w.org\/{rel}","templated":true}]}}