{"id":1506,"date":"2025-04-02T19:29:33","date_gmt":"2025-04-02T17:29:33","guid":{"rendered":"http:\/\/ludothequerhode.be\/?page_id=1506"},"modified":"2025-04-02T19:29:33","modified_gmt":"2025-04-02T17:29:33","slug":"partenaires","status":"publish","type":"page","link":"https:\/\/ludothequerhode.be\/?page_id=1506","title":{"rendered":"Partenaires"},"content":{"rendered":"\n<p><strong>La Biblioth\u00e8que Charles Bertin<\/strong><\/p>\n\n\n\n<p>La Biblioth\u00e8que Charles Bertin est une biblioth\u00e8que francophone publique qui existe depuis 1938 \u00e0 Rhode-Saint-Gen\u00e8se.<\/p>\n\n\n\n<p>Elle est reprise en 1979 par l&rsquo;Association culturelle de Rhode-Saint-Gen\u00e8se sous l&rsquo;impulsion de l&rsquo;\u00e9crivain Charles Bertin (1919-2002). Elle en porte le nom en t\u00e9moignage de reconnaissance.<\/p>\n\n\n\n<p>Parv. de Notre Dame 5,<br>1640 Rhode-Saint-Gen\u00e8se<br>02 358 10 53<\/p>\n\n\n\n<p><a href=\"http:\/\/biblio.charlesbertin.be\/\">http:\/\/biblio.charlesbertin.be\/<\/a><\/p>\n\n\n\n<p><\/p>\n\n\n\n<p><strong>Les \u00ab\u00a0Midis de Rhode\u00a0\u00bb<\/strong><\/p>\n\n\n\n<p>C&rsquo;est une Association culturelle de Rhode-Saint-Gen\u00e8se qui participe \u00e0 la diffusion de la culture dans la commune depuis 1971.<\/p>\n\n\n\n<p>info@midisderhode.be<\/p>\n\n\n\n<p><\/p>\n\n\n\n<p><a href=\"https:\/\/www.midisderhode.be\" data-type=\"link\" data-id=\"https:\/\/www.midisderhode.be\">www.midisderhode.be<\/a><\/p>\n\n\n\n<p><strong>M\u00e9diath\u00e8que nouvelle<\/strong><\/p>\n\n\n\n<p>Place de l&rsquo;Amiti\u00e9, 6<br>1160 Auderghem (Bruxelles)<\/p>\n\n\n\n<figure class=\"wp-block-image size-full\"><img loading=\"lazy\" decoding=\"async\" width=\"382\" height=\"153\" src=\"http:\/\/ludothequerhode.be\/wp-content\/uploads\/2025\/04\/mediatheque_nouvelle_01.jpg\" alt=\"\" class=\"wp-image-1514\" srcset=\"https:\/\/ludothequerhode.be\/wp-content\/uploads\/2025\/04\/mediatheque_nouvelle_01.jpg 382w, https:\/\/ludothequerhode.be\/wp-content\/uploads\/2025\/04\/mediatheque_nouvelle_01-300x120.jpg 300w\" sizes=\"auto, (max-width: 382px) 100vw, 382px\" \/><\/figure>\n\n\n\n<p>communication@mediatheque.be<\/p>\n\n\n\n<p><a href=\"https:\/\/www.mediatheque.be\/\" data-type=\"link\" data-id=\"https:\/\/www.mediatheque.be\/\">www.mediatheque.be<\/a><\/p>\n\n\n\n<p><\/p>\n\n\n\n<details class=\"wp-block-details is-layout-flow wp-block-details-is-layout-flow\"><summary><\/summary>\n<p><\/p>\n<\/details>\n","protected":false},"excerpt":{"rendered":"<p>La Biblioth\u00e8que Charles Bertin La Biblioth\u00e8que Charles Bertin est une biblioth\u00e8que francophone publique qui existe depuis 1938 \u00e0 Rhode-Saint-Gen\u00e8se. Elle est reprise en 1979 par l&rsquo;Association culturelle de Rhode-Saint-Gen\u00e8se sous l&rsquo;impulsion de l&rsquo;\u00e9crivain Charles Bertin (1919-2002). Elle en porte le nom en t\u00e9moignage de reconnaissance. Parv. de Notre Dame 5,1640 Rhode-Saint-Gen\u00e8se02 358 10 53 http:\/\/biblio.charlesbertin.be\/ &hellip; <a href=\"https:\/\/ludothequerhode.be\/?page_id=1506\" class=\"more-link\">Continuer la lecture de <span class=\"screen-reader-text\">Partenaires<\/span> <span class=\"meta-nav\">&rarr;<\/span><\/a><\/p>\n","protected":false},"author":2,"featured_media":0,"parent":0,"menu_order":0,"comment_status":"closed","ping_status":"closed","template":"","meta":{"footnotes":""},"class_list":["post-1506","page","type-page","status-publish","hentry"],"_links":{"self":[{"href":"https:\/\/ludothequerhode.be\/index.php?rest_route=\/wp\/v2\/pages\/1506","targetHints":{"allow":["GET"]}}],"collection":[{"href":"https:\/\/ludothequerhode.be\/index.php?rest_route=\/wp\/v2\/pages"}],"about":[{"href":"https:\/\/ludothequerhode.be\/index.php?rest_route=\/wp\/v2\/types\/page"}],"author":[{"embeddable":true,"href":"https:\/\/ludothequerhode.be\/index.php?rest_route=\/wp\/v2\/users\/2"}],"replies":[{"embeddable":true,"href":"https:\/\/ludothequerhode.be\/index.php?rest_route=%2Fwp%2Fv2%2Fcomments&post=1506"}],"version-history":[{"count":8,"href":"https:\/\/ludothequerhode.be\/index.php?rest_route=\/wp\/v2\/pages\/1506\/revisions"}],"predecessor-version":[{"id":1516,"href":"https:\/\/ludothequerhode.be\/index.php?rest_route=\/wp\/v2\/pages\/1506\/revisions\/1516"}],"wp:attachment":[{"href":"https:\/\/ludothequerhode.be\/index.php?rest_route=%2Fwp%2Fv2%2Fmedia&parent=1506"}],"curies":[{"name":"wp","href":"https:\/\/api.w.org\/{rel}","templated":true}]}}