{"id":12,"date":"2017-08-25T17:48:37","date_gmt":"2017-08-25T15:48:37","guid":{"rendered":"http:\/\/ludothequerhode.be\/?page_id=12"},"modified":"2025-06-06T09:51:24","modified_gmt":"2025-06-06T07:51:24","slug":"nous-contacter","status":"publish","type":"page","link":"https:\/\/ludothequerhode.be\/?page_id=12","title":{"rendered":"Nous contacter"},"content":{"rendered":"<p><a href=\"http:\/\/ludothequerhode.be\/wp-content\/uploads\/2021\/03\/Ludo_202101.jpg\" target=\"_blank\" rel=\"noopener\"><img loading=\"lazy\" decoding=\"async\" class=\"aligncenter wp-image-828 size-medium\" src=\"http:\/\/ludothequerhode.be\/wp-content\/uploads\/2021\/03\/Ludo_202101-300x144.jpg\" alt=\"\" width=\"300\" height=\"144\" srcset=\"https:\/\/ludothequerhode.be\/wp-content\/uploads\/2021\/03\/Ludo_202101-300x144.jpg 300w, https:\/\/ludothequerhode.be\/wp-content\/uploads\/2021\/03\/Ludo_202101-768x369.jpg 768w, https:\/\/ludothequerhode.be\/wp-content\/uploads\/2021\/03\/Ludo_202101.jpg 1000w\" sizes=\"auto, (max-width: 300px) 100vw, 300px\" \/><\/a><\/p>\n<h6 style=\"text-align: center;\"><em><span style=\"color: #800080;\"><strong>&gt;&gt;&gt;&gt;\u00a0 Pour les rendez-vous composez le 0477 71 00 13 &lt;&lt;&lt;&lt;<br \/>\n<\/strong><\/span><\/em><\/h6>\n<p style=\"text-align: justify;\">Pour de plus amples informations, vous pouvez remplir le formulaire ci-dessous. Nous vous recontacterons dans les plus brefs d\u00e9lais.<\/p>\n\n<div class=\"wpcf7 no-js\" id=\"wpcf7-f98-o1\" lang=\"fr-FR\" dir=\"ltr\" data-wpcf7-id=\"98\">\n<div class=\"screen-reader-response\"><p role=\"status\" aria-live=\"polite\" aria-atomic=\"true\"><\/p> <ul><\/ul><\/div>\n<form action=\"\/index.php?rest_route=%2Fwp%2Fv2%2Fpages%2F12#wpcf7-f98-o1\" method=\"post\" class=\"wpcf7-form init\" aria-label=\"Formulaire de contact\" novalidate=\"novalidate\" data-status=\"init\">\n<fieldset class=\"hidden-fields-container\"><input type=\"hidden\" name=\"_wpcf7\" value=\"98\" \/><input type=\"hidden\" name=\"_wpcf7_version\" value=\"6.1.5\" \/><input type=\"hidden\" name=\"_wpcf7_locale\" value=\"fr_FR\" \/><input type=\"hidden\" name=\"_wpcf7_unit_tag\" value=\"wpcf7-f98-o1\" \/><input type=\"hidden\" name=\"_wpcf7_container_post\" value=\"0\" \/><input type=\"hidden\" name=\"_wpcf7_posted_data_hash\" value=\"\" \/>\n<\/fieldset>\n<p><label> Votre nom (obligatoire)<br \/>\n<span class=\"wpcf7-form-control-wrap\" data-name=\"your-name\"><input size=\"40\" maxlength=\"400\" class=\"wpcf7-form-control wpcf7-text wpcf7-validates-as-required\" aria-required=\"true\" aria-invalid=\"false\" value=\"\" type=\"text\" name=\"your-name\" \/><\/span> <\/label>\n<\/p>\n<p><label> Votre e-mail (obligatoire)<br \/>\n<span class=\"wpcf7-form-control-wrap\" data-name=\"your-email\"><input size=\"40\" maxlength=\"400\" class=\"wpcf7-form-control wpcf7-email wpcf7-validates-as-required wpcf7-text wpcf7-validates-as-email\" aria-required=\"true\" aria-invalid=\"false\" value=\"\" type=\"email\" name=\"your-email\" \/><\/span> <\/label>\n<\/p>\n<p><label> Votre t\u00e9l\u00e9phone (obligatoire)<br \/>\n<span class=\"wpcf7-form-control-wrap\" data-name=\"tel-9\"><input size=\"40\" maxlength=\"400\" class=\"wpcf7-form-control wpcf7-tel wpcf7-text wpcf7-validates-as-tel\" aria-invalid=\"false\" value=\"\" type=\"tel\" name=\"tel-9\" \/><\/span><\/label>\n<\/p>\n<p><label> Sujet<br \/>\n<span class=\"wpcf7-form-control-wrap\" data-name=\"your-subject\"><input size=\"40\" maxlength=\"400\" class=\"wpcf7-form-control wpcf7-text\" aria-invalid=\"false\" value=\"\" type=\"text\" name=\"your-subject\" \/><\/span> <\/label>\n<\/p>\n<p><label> Votre message<br \/>\n<span class=\"wpcf7-form-control-wrap\" data-name=\"your-message\"><textarea cols=\"40\" rows=\"10\" maxlength=\"2000\" class=\"wpcf7-form-control wpcf7-textarea\" aria-invalid=\"false\" name=\"your-message\"><\/textarea><\/span> <\/label>\n<\/p>\n<p><input class=\"wpcf7-form-control wpcf7-submit has-spinner\" type=\"submit\" value=\"Envoyer\" \/>\n<\/p>\n<p>Les donn\u00e9es recueillies via ce formulaire ne sont utilis\u00e9es que pour vous r\u00e9pondre dans les meilleures conditions\n<\/p>\n<p>\n\t\t<div class=\"la-sentinelle-container\" style=\"max-height:0;overflow:hidden;\" hidden=\"true\" aria-hidden=\"true\">\n\t\t\n\t\t<input value=\"25\" type=\"text\" name=\"la_sentinelle_d7d63cb8d16f3fc21d5c0977437d8906\" class=\"la_sentinelle_d7d63cb8d16f3fc21d5c0977437d8906\" id=\"la_sentinelle_d7d63cb8d16f3fc21d5c0977437d8906-1\" placeholder=\"\" style=\"transform: translateY(10000px);\" \/>\n\t\t<input value=\"MjE2LjczLjIxNi4yMzQ=\" type=\"text\" name=\"la_sentinelle_ce5af1ea88b34c35911b820f382171c2\" class=\"la_sentinelle_ce5af1ea88b34c35911b820f382171c2\" id=\"la_sentinelle_ce5af1ea88b34c35911b820f382171c2-1\" placeholder=\"\" style=\"transform: translateY(10000px);\" \/>\n\t\n\t\t\t<input value=\"70298\" type=\"text\" name=\"la_sentinelle_6402111ed5ac37e628f49e87eb756441\" class=\"la_sentinelle_6402111ed5ac37e628f49e87eb756441\" id=\"la_sentinelle_6402111ed5ac37e628f49e87eb756441-1\" placeholder=\"\" style=\"transform: translateY(10000px);\" \/>\n\t\t\t<input value=\"70298\" type=\"text\" name=\"la_sentinelle_27baa15f95d2321763bbb56257ebeded\" class=\"la_sentinelle_27baa15f95d2321763bbb56257ebeded\" id=\"la_sentinelle_27baa15f95d2321763bbb56257ebeded-1\" placeholder=\"\" style=\"transform: translateY(10000px);\" \/>\n\t\t\t<input type=\"text\" class=\"la_sentinelle_249e169422e3dca3142a559a0d21aae7\" id=\"la_sentinelle_249e169422e3dca3142a559a0d21aae7-1\" name=\"la_sentinelle_249e169422e3dca3142a559a0d21aae7\" value=\"12888da6e8\" style=\"transform: translateY(10000px);\" \/>\n\t\t\n\t\t<input value=\"\" type=\"text\" name=\"la_sentinelle_b8c1b306f3be59f3c7df5ea7132bb9ec\" class=\"la_sentinelle_b8c1b306f3be59f3c7df5ea7132bb9ec\" id=\"la_sentinelle_b8c1b306f3be59f3c7df5ea7132bb9ec-1\" placeholder=\"\" style=\"transform: translateY(10000px);\" \/>\n\t\t\n\t\t<input value=\"25\" type=\"text\" name=\"la_sentinelle_678795329d86b39f65dcca2e325e17fd\" class=\"la_sentinelle_678795329d86b39f65dcca2e325e17fd\" id=\"la_sentinelle_678795329d86b39f65dcca2e325e17fd-1\" placeholder=\"\" style=\"transform: translateY(10000px);\" \/>\n\t\t\n\t\t<\/div>\n\t\t<div class=\"la-sentinelle-container-nojs-message\">\n\t\t\t<noscript><div class=\"no-js\">Avertissement\u00a0: ce formulaire peut uniquement \u00eatre utilis\u00e9 si JavaScript est activ\u00e9 dans votre navigateur.<\/div><\/noscript>\n\t\t<\/div>\n\t\t\n<\/p><p style=\"display: none !important;\" class=\"akismet-fields-container\" data-prefix=\"_wpcf7_ak_\"><label>&#916;<textarea name=\"_wpcf7_ak_hp_textarea\" cols=\"45\" rows=\"8\" maxlength=\"100\"><\/textarea><\/label><input type=\"hidden\" id=\"ak_js_1\" name=\"_wpcf7_ak_js\" value=\"16\"\/><script>document.getElementById( \"ak_js_1\" ).setAttribute( \"value\", ( new Date() ).getTime() );<\/script><\/p><div class=\"wpcf7-response-output\" aria-hidden=\"true\"><\/div>\n<\/form>\n<\/div>\n\n<p style=\"text-align: justify;\">Vous pouvez \u00e9galement joindre les responsables de la BD-Ludoth\u00e8que aux num\u00e9ros suivants:<\/p>\n<p class=\"x_MsoNormal\"><span lang=\"NL-BE\"><strong>A<\/strong>ndr\u00e9 <strong>GIELIS \u00a0 \u00a0 \u00a0 \u00a0 \u00a0 \u00a0 \u00a0\u00a0<\/strong> +32 496 82 39 96<\/span><\/p>\n<p class=\"x_MsoNormal\"><span lang=\"NL-BE\"><strong>B<\/strong>rigitte\u00a0<strong><span id=\"0.754493797465289\" class=\"highlight\">DUQUESNE<\/span>\u00a0<\/strong> +32 485 14 65 96<\/span><\/p>\n<p style=\"text-align: center;\">ou via courriel (mail) \u00e0 <span style=\"color: #3366ff;\"><em>contact[a]ludothequerhode.be<\/em><\/span><\/p>\n<p style=\"text-align: center;\"><strong><em><span style=\"color: #008000;\">Compte bancaire : BE31 0682 1055 1055\u00a0<\/span><\/em><\/strong><\/p>\n<div id=\"ConnectiveDocSignExtentionInstalled\" data-extension-version=\"1.0.4\"><\/div>\n","protected":false},"excerpt":{"rendered":"<p>&gt;&gt;&gt;&gt;\u00a0 Pour les rendez-vous composez le 0477 71 00 13 &lt;&lt;&lt;&lt; Pour de plus amples informations, vous pouvez remplir le formulaire ci-dessous. Nous vous recontacterons dans les plus brefs d\u00e9lais. Vous pouvez \u00e9galement joindre les responsables de la BD-Ludoth\u00e8que aux num\u00e9ros suivants: Andr\u00e9 GIELIS \u00a0 \u00a0 \u00a0 \u00a0 \u00a0 \u00a0 \u00a0\u00a0 +32 496 82 39 &hellip; <a href=\"https:\/\/ludothequerhode.be\/?page_id=12\" class=\"more-link\">Continuer la lecture de <span class=\"screen-reader-text\">Nous contacter<\/span> <span class=\"meta-nav\">&rarr;<\/span><\/a><\/p>\n","protected":false},"author":1,"featured_media":0,"parent":0,"menu_order":0,"comment_status":"closed","ping_status":"closed","template":"","meta":{"footnotes":""},"class_list":["post-12","page","type-page","status-publish","hentry"],"_links":{"self":[{"href":"https:\/\/ludothequerhode.be\/index.php?rest_route=\/wp\/v2\/pages\/12","targetHints":{"allow":["GET"]}}],"collection":[{"href":"https:\/\/ludothequerhode.be\/index.php?rest_route=\/wp\/v2\/pages"}],"about":[{"href":"https:\/\/ludothequerhode.be\/index.php?rest_route=\/wp\/v2\/types\/page"}],"author":[{"embeddable":true,"href":"https:\/\/ludothequerhode.be\/index.php?rest_route=\/wp\/v2\/users\/1"}],"replies":[{"embeddable":true,"href":"https:\/\/ludothequerhode.be\/index.php?rest_route=%2Fwp%2Fv2%2Fcomments&post=12"}],"version-history":[{"count":19,"href":"https:\/\/ludothequerhode.be\/index.php?rest_route=\/wp\/v2\/pages\/12\/revisions"}],"predecessor-version":[{"id":1534,"href":"https:\/\/ludothequerhode.be\/index.php?rest_route=\/wp\/v2\/pages\/12\/revisions\/1534"}],"wp:attachment":[{"href":"https:\/\/ludothequerhode.be\/index.php?rest_route=%2Fwp%2Fv2%2Fmedia&parent=12"}],"curies":[{"name":"wp","href":"https:\/\/api.w.org\/{rel}","templated":true}]}}