{"id":10,"date":"2017-08-25T17:48:29","date_gmt":"2017-08-25T15:48:29","guid":{"rendered":"http:\/\/ludothequerhode.be\/?page_id=10"},"modified":"2025-06-06T09:53:42","modified_gmt":"2025-06-06T07:53:42","slug":"horaires-et-acces","status":"publish","type":"page","link":"https:\/\/ludothequerhode.be\/?page_id=10","title":{"rendered":"Horaires et acc\u00e8s"},"content":{"rendered":"<p><img loading=\"lazy\" decoding=\"async\" class=\"size-medium wp-image-30 alignnone\" src=\"http:\/\/ludothequerhode.be\/wp-content\/uploads\/2017\/08\/image001-6-118x300.png\" alt=\"\" width=\"118\" height=\"300\" srcset=\"https:\/\/ludothequerhode.be\/wp-content\/uploads\/2017\/08\/image001-6-118x300.png 118w, https:\/\/ludothequerhode.be\/wp-content\/uploads\/2017\/08\/image001-6-404x1024.png 404w, https:\/\/ludothequerhode.be\/wp-content\/uploads\/2017\/08\/image001-6.png 434w\" sizes=\"auto, (max-width: 118px) 100vw, 118px\" \/> \u00a0 \u00a0 \u00a0 \u00a0 \u00a0 \u00a0 \u00a0 \u00a0 \u00a0 \u00a0 \u00a0 \u00a0 \u00a0 \u00a0 \u00a0 \u00a0 \u00a0 \u00a0 \u00a0<img loading=\"lazy\" decoding=\"async\" class=\"alignnone size-medium wp-image-112\" src=\"http:\/\/ludothequerhode.be\/wp-content\/uploads\/2017\/08\/BD_LUDO-300x225.jpg\" alt=\"\" width=\"300\" height=\"225\" srcset=\"https:\/\/ludothequerhode.be\/wp-content\/uploads\/2017\/08\/BD_LUDO-300x225.jpg 300w, https:\/\/ludothequerhode.be\/wp-content\/uploads\/2017\/08\/BD_LUDO-768x576.jpg 768w, https:\/\/ludothequerhode.be\/wp-content\/uploads\/2017\/08\/BD_LUDO-1024x768.jpg 1024w\" sizes=\"auto, (max-width: 300px) 100vw, 300px\" \/><\/p>\n<p style=\"text-align: center;\"><span style=\"color: #ff0000;\"><strong>\u00a0<\/strong><\/span><\/p>\n<p><strong>La BD-LUDOTHEQUE se situe \u00e0 200 m\u00e8tres de la gare de Rhode-St-Gen\u00e8se.<br \/>\n<\/strong><\/p>\n<p><strong><u><span style=\"color: #000000; font-family: Arial; font-size: small;\">Adresse<\/span><\/u>\u00a0:<br \/>\navenue de la P\u00e9pini\u00e8re, 53<br \/>\n1640 Rhode-Saint-Gen\u00e8se<\/strong><\/p>\n<p><iframe loading=\"lazy\" style=\"border: 0;\" src=\"https:\/\/www.google.com\/maps\/embed?pb=!1m18!1m12!1m3!1d2524.388852059425!2d4.357478850304105!3d50.74982307353016!2m3!1f0!2f0!3f0!3m2!1i1024!2i768!4f13.1!3m3!1m2!1s0x47c3cf912325dc9d%3A0xec63234b346ae73d!2sAvenue+de+la+P%C3%A9pini%C3%A8re+53%2C+1640+Rhode-Saint-Gen%C3%A8se!5e0!3m2!1sfr!2sbe!4v1564479657908!5m2!1sfr!2sbe\" width=\"600\" height=\"450\" frameborder=\"0\" allowfullscreen=\"allowfullscreen\"><\/iframe><\/p>\n<p>&nbsp;<\/p>\n<p style=\"text-align: center;\"><strong>La\u00a0<span lang=\"NL-BE\">BD-LUDOTHEQUE est ouverte tous les samedis de l&rsquo;ann\u00e9e de 10h \u00e0 12h30.<\/span><\/strong><\/p>\n<p style=\"text-align: center;\"><strong><span style=\"color: #ff0000;\"><br \/>\n<\/span> <\/strong><\/p>\n<p><strong>INFORMATIONS PRATIQUES :<\/strong><br \/>\nL&rsquo;adh\u00e9sion est nominative et personnelle. Nous proposons des adh\u00e9sions collectives pour les \u00e9coles et institutions.<br \/>\n<span style=\"color: #993366;\">On vous invite \u00e0 parcourir le <u>R\u00e8glement d&rsquo;Ordre Int\u00e9rieur<\/u> pour connaitre les modalit\u00e9s de locations, en appuyant <em><strong><a href=\"http:\/\/www.ludothequerhode.be\/wp-content\/uploads\/2020\/05\/ROI_V-2024.pdf\" target=\"_blank\" rel=\"noopener\"><strong>ici<\/strong> <\/a><\/strong><\/em><\/span>!<\/p>\n<p style=\"text-align: center;\"><span style=\"color: #008000;\"><strong><em>Compte bancaire : BE31 0682 1055 1055\u00a0<\/em><\/strong><\/span><\/p>\n<h2 class=\"x_MsoNormal\" style=\"text-align: center;\"><span style=\"color: #ff0000;\"><strong><span lang=\"NL-BE\">WANTED<\/span><\/strong><\/span><\/h2>\n<p class=\"x_MsoNormal\"><span lang=\"NL-BE\">Rejoignez notre groupe de b\u00e9n\u00e9voles\u2026 Nous sommes \u00e0 la recherche de quelques volontaires pour agrandir l\u2019\u00e9quipe et mieux recevoir les familles.\u00a0 C\u2019est simple et vous occupera peu, juste quelques heures par mois.<a href=\"http:\/\/ludothequerhode.be\/wp-content\/uploads\/2025\/06\/2025_recherche_benevoles.png\" target=\"_blank\" rel=\"noopener\"><img loading=\"lazy\" decoding=\"async\" class=\"aligncenter size-medium wp-image-1527\" src=\"http:\/\/ludothequerhode.be\/wp-content\/uploads\/2025\/06\/2025_recherche_benevoles-212x300.png\" alt=\"\" width=\"212\" height=\"300\" srcset=\"https:\/\/ludothequerhode.be\/wp-content\/uploads\/2025\/06\/2025_recherche_benevoles-212x300.png 212w, https:\/\/ludothequerhode.be\/wp-content\/uploads\/2025\/06\/2025_recherche_benevoles-724x1024.png 724w, https:\/\/ludothequerhode.be\/wp-content\/uploads\/2025\/06\/2025_recherche_benevoles-768x1086.png 768w, https:\/\/ludothequerhode.be\/wp-content\/uploads\/2025\/06\/2025_recherche_benevoles.png 794w\" sizes=\"auto, (max-width: 212px) 100vw, 212px\" \/><\/a><\/span><\/p>\n<div id=\"ConnectiveDocSignExtentionInstalled\" data-extension-version=\"1.0.4\"><\/div>\n","protected":false},"excerpt":{"rendered":"<p>\u00a0 \u00a0 \u00a0 \u00a0 \u00a0 \u00a0 \u00a0 \u00a0 \u00a0 \u00a0 \u00a0 \u00a0 \u00a0 \u00a0 \u00a0 \u00a0 \u00a0 \u00a0 \u00a0 \u00a0 La BD-LUDOTHEQUE se situe \u00e0 200 m\u00e8tres de la gare de Rhode-St-Gen\u00e8se. Adresse\u00a0: avenue de la P\u00e9pini\u00e8re, 53 1640 Rhode-Saint-Gen\u00e8se &nbsp; La\u00a0BD-LUDOTHEQUE est ouverte tous les samedis de l&rsquo;ann\u00e9e de 10h \u00e0 12h30. INFORMATIONS PRATIQUES &hellip; <a href=\"https:\/\/ludothequerhode.be\/?page_id=10\" class=\"more-link\">Continuer la lecture de <span class=\"screen-reader-text\">Horaires et acc\u00e8s<\/span> <span class=\"meta-nav\">&rarr;<\/span><\/a><\/p>\n","protected":false},"author":1,"featured_media":0,"parent":0,"menu_order":0,"comment_status":"closed","ping_status":"closed","template":"","meta":{"footnotes":""},"class_list":["post-10","page","type-page","status-publish","hentry"],"_links":{"self":[{"href":"https:\/\/ludothequerhode.be\/index.php?rest_route=\/wp\/v2\/pages\/10","targetHints":{"allow":["GET"]}}],"collection":[{"href":"https:\/\/ludothequerhode.be\/index.php?rest_route=\/wp\/v2\/pages"}],"about":[{"href":"https:\/\/ludothequerhode.be\/index.php?rest_route=\/wp\/v2\/types\/page"}],"author":[{"embeddable":true,"href":"https:\/\/ludothequerhode.be\/index.php?rest_route=\/wp\/v2\/users\/1"}],"replies":[{"embeddable":true,"href":"https:\/\/ludothequerhode.be\/index.php?rest_route=%2Fwp%2Fv2%2Fcomments&post=10"}],"version-history":[{"count":21,"href":"https:\/\/ludothequerhode.be\/index.php?rest_route=\/wp\/v2\/pages\/10\/revisions"}],"predecessor-version":[{"id":1536,"href":"https:\/\/ludothequerhode.be\/index.php?rest_route=\/wp\/v2\/pages\/10\/revisions\/1536"}],"wp:attachment":[{"href":"https:\/\/ludothequerhode.be\/index.php?rest_route=%2Fwp%2Fv2%2Fmedia&parent=10"}],"curies":[{"name":"wp","href":"https:\/\/api.w.org\/{rel}","templated":true}]}}